{"id":108207,"date":"2023-03-30T10:13:52","date_gmt":"2023-03-30T08:13:52","guid":{"rendered":"https:\/\/www.intersos.org\/travaillez-avec-nous-siege\/"},"modified":"2024-10-30T13:03:58","modified_gmt":"2024-10-30T12:03:58","slug":"travaillez-avec-nous-siege","status":"publish","type":"page","link":"https:\/\/www.intersos.org\/fr\/travaillez-avec-nous-siege\/","title":{"rendered":"Travaillez avec nous &#8211; SI\u00c8GE"},"content":{"rendered":"<div class=\"wpb-content-wrapper\"><p>[vc_row][vc_column width=&#8221;1\/1&#8243;][vc_column_text uncode_shortcode_id=&#8221;686577&#8243;]<\/p>\n<h1>Rejoindre le groupe d\u2019INTERSOS au sein de son si\u00e8ge central<\/h1>\n<p><span style=\"font-weight: 400;\">INTERSOS recrute du personnel qualifi\u00e9 dans divers disciples pour travailler en contexte de crises internationales et fournir soutien, protection et assistance aux communaut\u00e9s et aux populations vuln\u00e9rables. Son champs d\u2019action couvre : protection, sant\u00e9 et nutrition, s\u00e9curit\u00e9 alimentaire, acc\u00e8s a l\u2019eau potable et hygi\u00e8ne, \u00e9ducation d\u2019urgence, et apport d\u2019abri de premier secours. Les profils recherch\u00e9s sont en ad\u00e9quation avec une exp\u00e9rience g\u00e9n\u00e9ralement acquise \u00e0 l\u2019internationale et un niveau professionnel et technique \u00e9lev\u00e9, une adh\u00e9sion aux principes humanitaires et aux missions que s\u2019est fix\u00e9es INTERSOS, avec une capacit\u00e9 d\u2019adaptation tr\u00e8s appuy\u00e9e.  <\/span>[\/vc_column_text][\/vc_column][\/vc_row][vc_row row_height_percent=&#8221;0&#8243; override_padding=&#8221;yes&#8221; h_padding=&#8221;2&#8243; top_padding=&#8221;2&#8243; bottom_padding=&#8221;0&#8243; overlay_alpha=&#8221;50&#8243; gutter_size=&#8221;3&#8243; column_width_percent=&#8221;100&#8243; shift_y=&#8221;0&#8243; z_index=&#8221;0&#8243; uncode_shortcode_id=&#8221;168576&#8243; el_class=&#8221;carosello-lavora-con-noi&#8221;][vc_column column_width_percent=&#8221;100&#8243; position_horizontal=&#8221;left&#8221; position_vertical=&#8221;middle&#8221; gutter_size=&#8221;3&#8243; override_padding=&#8221;yes&#8221; column_padding=&#8221;3&#8243; style=&#8221;dark&#8221; back_color=&#8221;color-214091&#8243; overlay_alpha=&#8221;50&#8243; shift_x=&#8221;0&#8243; shift_y=&#8221;0&#8243; shift_y_down=&#8221;0&#8243; z_index=&#8221;0&#8243; medium_width=&#8221;0&#8243; mobile_width=&#8221;0&#8243; radius=&#8221;xl&#8221; width=&#8221;1\/1&#8243; uncode_shortcode_id=&#8221;179605&#8243; back_color_type=&#8221;uncode-palette&#8221;][vc_row_inner][vc_column_inner column_width_percent=&#8221;100&#8243; gutter_size=&#8221;3&#8243; style=&#8221;dark&#8221; overlay_alpha=&#8221;50&#8243; shift_x=&#8221;0&#8243; shift_y=&#8221;0&#8243; shift_y_down=&#8221;0&#8243; z_index=&#8221;0&#8243; medium_width=&#8221;0&#8243; mobile_width=&#8221;0&#8243; width=&#8221;2\/3&#8243; uncode_shortcode_id=&#8221;609902&#8243;][vc_column_text uncode_shortcode_id=&#8221;120329&#8243;]<\/p>\n<h2><span style=\"font-weight: 400;\">Processus de s\u00e9lection<\/span><\/h2>\n<p><span style=\"font-weight: 400;\">Fonctionnement de la proc\u00e9dure pour les postes SI\u00c8GE\/HUBS <\/span>[\/vc_column_text][\/vc_column_inner][vc_column_inner column_width_percent=&#8221;100&#8243; gutter_size=&#8221;3&#8243; style=&#8221;dark&#8221; overlay_alpha=&#8221;50&#8243; shift_x=&#8221;0&#8243; shift_y=&#8221;0&#8243; shift_y_down=&#8221;0&#8243; z_index=&#8221;0&#8243; medium_visibility=&#8221;yes&#8221; medium_width=&#8221;0&#8243; mobile_visibility=&#8221;yes&#8221; mobile_width=&#8221;0&#8243; width=&#8221;1\/3&#8243; uncode_shortcode_id=&#8221;191542&#8243;][\/vc_column_inner][\/vc_row_inner][vc_tabs align=&#8221;left&#8221;][vc_tab gutter_size=&#8221;2&#8243; column_padding=&#8221;2&#8243; title=&#8221;Candidature&#8221; tab_id=&#8221;1674660271-1-491680170342442&#8243;][vc_column_text uncode_shortcode_id=&#8221;135445&#8243;]<span style=\"font-weight: 400;\">Ceci est la premi\u00e8re phase du processus : lisez attentivement les exigences li\u00e9es au poste sollicit\u00e9 et postuler si votre profil y correspond. Une pr\u00e9c\u00e9dente exp\u00e9rience \u00e0 l\u2019internationale est fortement recommand\u00e9e. <\/span><\/p>\n<p><span style=\"font-weight: 400;\">Seuls les candidats retenus seront contact\u00e9s pour un entretien. Toutefois, vous pourriez \u00eatre contact\u00e9 si votre candidature est pr\u00e9s\u00e9lectionn\u00e9e ans le cadre d\u2019une autre opportunit\u00e9 de travail. Toujours est-il que, l\u2019organisation vous enverra un feedback, bien que cela puisse prendre un certain temps, vu le nombre \u00e9lev\u00e9 de demande.  <\/span><\/p>\n<p>INTERSOS en tant qu\u2019organisation humanitaire, travaille habituellement en situation de grande urgence et dans des d\u00e9lais extr\u00eamement courts : pour cela la s\u00e9lection pourrait \u00eatre ferm\u00e9e bien avant la date d\u2019expiration officielle de l\u2019appel \u00e0 candidature.[\/vc_column_text][\/vc_tab][vc_tab gutter_size=&#8221;2&#8243; column_padding=&#8221;2&#8243; title=&#8221;Entretien<br \/>\navec les ressources humaines&#8221; tab_id=&#8221;1674660271-2-901680170342442&#8243;][vc_column_text uncode_shortcode_id=&#8221;137675&#8243;]<span style=\"font-weight: 400;\">Le premier entretien vise \u00e0 \u00e9valuer, l\u2019\u00e9ventail de comp\u00e9tences requis, avec une attention particuli\u00e8re sur les aptitudes personnelles et les comp\u00e9tences techniques recherch\u00e9es pour chaque poste sp\u00e9cifique.<\/span><\/p>\n<p><span style=\"font-weight: 400;\">L\u2019entretien avec les RH se d\u00e9roule en ligne, en mode vid\u00e9o. Assurez-vous d\u2019\u00eatre dans un lieu suffisamment calme et couvert.<\/span>[\/vc_column_text][\/vc_tab][vc_tab gutter_size=&#8221;2&#8243; column_padding=&#8221;2&#8243; title=&#8221;L\u2019\u00e9valuation technique&#8221; tab_id=&#8221;1674661042289-2-91680170342442&#8243;][vc_column_text uncode_shortcode_id=&#8221;266624&#8243;]<span style=\"font-weight: 400;\">L\u2019\u00e9valuation technique est envisag\u00e9e \u00e0 la suite d\u2019une issue favorable au premier entretien.<\/span>[\/vc_column_text][\/vc_tab][vc_tab gutter_size=&#8221;2&#8243; column_padding=&#8221;2&#8243; title=&#8221;L\u2019entretien final&#8221; tab_id=&#8221;1674661055637-3-51680170342442&#8243;][vc_column_text uncode_shortcode_id=&#8221;184668&#8243;]<span style=\"font-weight: 400;\">L\u2019ultime entretien se d\u00e9roule normalement avec un responsable manager ou avec un consultant externe pour un \u00e9change d\u2019informations sp\u00e9cifiques sur les d\u00e9fis et les enjeux li\u00e9s \u00e0 la mission. Il peut avoir lieu en ligne comme en pr\u00e9sentiel Certains appels \u00e0 candidature peuvent s\u2019accompagner d\u2019une \u00e9valuation psychologique.<\/span>[\/vc_column_text][\/vc_tab][vc_tab gutter_size=&#8221;2&#8243; column_padding=&#8221;2&#8243; title=&#8221;Contr\u00f4le de r\u00e9f\u00e9rence&#8221; tab_id=&#8221;1674661068784-4-91680170342442&#8243;][vc_column_text uncode_shortcode_id=&#8221;566046&#8243;]<span style=\"font-weight: 400;\">Une fois l\u2019ultime entretien surpasse, commence alors, la v\u00e9rification des r\u00e9f\u00e9rences. Sont requises les r\u00e9f\u00e9rences RH, relatives aux r\u00e9centes missions effectu\u00e9es, ainsi que trois responsables hi\u00e9rarchiques. Concomitamment se d\u00e9roule, la collecte de la documentation n\u00e9cessaire a la contractualisation.  <\/span><\/p>\n<p><span style=\"font-weight: 400;\">Au terme de ce parcours, il vous est envoy\u00e9 une proposition formelle de collaboration ainsi que le dossier complet des conditions. Le processus d\u2019embarquement peut donc commencer. <\/span>[\/vc_column_text][\/vc_tab][vc_tab gutter_size=&#8221;2&#8243; column_padding=&#8221;2&#8243; title=&#8221;Embarquement&#8221; tab_id=&#8221;1674661076714-5-01680170342442&#8243;][vc_column_text uncode_shortcode_id=&#8221;383476&#8243;]<span style=\"font-weight: 400;\">Avant tout d\u00e9part est organis\u00e9e une formation en ligne sur l\u2019organisation, sur le contexte et les d\u00e9fis de la mission toujours en ad\u00e9quation avec le poste et la fonction occup\u00e9s. <\/span><\/p>\n<p><span style=\"font-weight: 400;\">Bienvenu \u00e0 INTERSOS!<\/span>[\/vc_column_text][\/vc_tab][\/vc_tabs][\/vc_column][\/vc_row][vc_row row_height_percent=&#8221;0&#8243; override_padding=&#8221;yes&#8221; h_padding=&#8221;2&#8243; top_padding=&#8221;3&#8243; bottom_padding=&#8221;2&#8243; overlay_alpha=&#8221;50&#8243; gutter_size=&#8221;3&#8243; column_width_percent=&#8221;100&#8243; shift_y=&#8221;0&#8243; z_index=&#8221;0&#8243; uncode_shortcode_id=&#8221;133318&#8243;][vc_column width=&#8221;1\/1&#8243;][vc_column_text uncode_shortcode_id=&#8221;180919&#8243;]<\/p>\n<h2><span style=\"font-weight: 400;\">Conditions de travail et benefices<\/span><\/h2>\n<p><span style=\"font-weight: 400;\">Quelques conditions peuvent \u00eatre sp\u00e9cifiques \u00e0 une mission, n\u00e9anmoins celles-ci sont tr\u00e8s souvent appliqu\u00e9es:<\/span><\/p>\n<p><b>Induction<\/b><span style=\"font-weight: 400;\">: Chaque nouveau membre de l\u2019\u00e9quipe re\u00e7oit une formation pr\u00e9paratoire avant tout d\u00e9part, fournissant les informations n\u00e9cessaires relatives \u00e0 la structure d\u2019INTERSOS, aux principaux processus d\u00e9cisionnels et aux instruments de travail, afin de faciliter l\u2019entr\u00e9e dans l\u2019organisation.<\/span><\/p>\n<p><b>Salaire<\/b><span style=\"font-weight: 400;\">: La r\u00e9mun\u00e9ration mensuelle est d\u00e9finie en fonction de la position et du r\u00f4le, ainsi que de l\u2019exp\u00e9rience du candidat s\u00e9lectionn\u00e9. Cela est communique au cours de la r\u00e9union avec le d\u00e9partement des ressources humaines. De toutes les fa\u00e7ons cela se fait pendant le processus de s\u00e9lection du candidat. <\/span><\/p>\n<p><b>Visa<\/b><span style=\"font-weight: 400;\">: INTERSOS prend enti\u00e8rement en charge son personnel humanitaire et le co\u00fbt des visas des missions.<\/span>[\/vc_column_text][\/vc_column][\/vc_row][vc_row][vc_column width=&#8221;1\/1&#8243;][vc_column_text uncode_shortcode_id=&#8221;346644&#8243;]<\/p>\n<h2>Postes vacants<\/h2>\n<p>[\/vc_column_text][vc_raw_html]PHNjcmlwdCB0eXBlPSJ0ZXh0L2phdmFzY3JpcHQiPmFwcF9pZD0iNTcxYmViMGU5ZmZjODBjMTVjNzg2OGExIjtkaXN0cmlidXRpb25fa2V5PSJkaXN0XzEyIjs8L3NjcmlwdD48c2NyaXB0IHR5cGU9InRleHQvamF2YXNjcmlwdCIgc3JjPSJodHRwczovL2xvYWRlci5rbmFjay5jb20vNTcxYmViMGU5ZmZjODBjMTVjNzg2OGExL2Rpc3RfMTIva25hY2suanMiPjwvc2NyaXB0PjxkaXYgaWQ9ImtuYWNrLWRpc3RfMTIiPkNoYXJnZW1lbnQuLi48L2Rpdj4=[\/vc_raw_html][\/vc_column][\/vc_row][vc_row][vc_column width=&#8221;1\/1&#8243;][vc_empty_space empty_h=&#8221;2&#8243;][\/vc_column][\/vc_row]<\/p>\n<\/div>","protected":false},"excerpt":{"rendered":"<p>[vc_row][vc_column width=&#8221;1\/1&#8243;][vc_column_text uncode_shortcode_id=&#8221;686577&#8243;] Rejoindre le groupe d\u2019INTERSOS au sein de son si\u00e8ge central INTERSOS recrute du personnel qualifi\u00e9 dans divers [&hellip;]<\/p>\n","protected":false},"author":1,"featured_media":0,"parent":0,"menu_order":0,"comment_status":"closed","ping_status":"closed","template":"","meta":{"_acf_changed":false,"footnotes":""},"class_list":["post-108207","page","type-page","status-publish","hentry","page_category-pagine-risorse-umane"],"acf":[],"yoast_head":"<!-- This site is optimized with the Yoast SEO plugin v27.2 - https:\/\/yoast.com\/product\/yoast-seo-wordpress\/ -->\n<title>Travaillez avec nous - SI\u00c8GE | INTERSOS<\/title>\n<meta name=\"robots\" content=\"index, follow, max-snippet:-1, max-image-preview:large, max-video-preview:-1\" \/>\n<link rel=\"canonical\" href=\"https:\/\/www.intersos.org\/fr\/travaillez-avec-nous-siege\/\" \/>\n<meta property=\"og:locale\" content=\"fr_FR\" \/>\n<meta property=\"og:type\" content=\"article\" \/>\n<meta property=\"og:title\" content=\"Travaillez avec nous - SI\u00c8GE | INTERSOS\" \/>\n<meta property=\"og:description\" content=\"[vc_row][vc_column width=&#8221;1\/1&#8243;][vc_column_text uncode_shortcode_id=&#8221;686577&#8243;] Rejoindre le groupe d\u2019INTERSOS au sein de son si\u00e8ge central INTERSOS recrute du personnel qualifi\u00e9 dans divers [&hellip;]\" \/>\n<meta property=\"og:url\" content=\"https:\/\/www.intersos.org\/fr\/travaillez-avec-nous-siege\/\" \/>\n<meta property=\"og:site_name\" content=\"Intersos\" \/>\n<meta property=\"article:publisher\" content=\"https:\/\/www.facebook.com\/Intersos.org\/\" \/>\n<meta property=\"article:modified_time\" content=\"2024-10-30T12:03:58+00:00\" \/>\n<meta name=\"twitter:card\" content=\"summary_large_image\" \/>\n<meta name=\"twitter:site\" content=\"@intersos\" \/>\n<meta name=\"twitter:label1\" content=\"Dur\u00e9e de lecture estim\u00e9e\" \/>\n\t<meta name=\"twitter:data1\" content=\"6 minutes\" \/>\n<script type=\"application\/ld+json\" class=\"yoast-schema-graph\">{\"@context\":\"https:\/\/schema.org\",\"@graph\":[{\"@type\":\"WebPage\",\"@id\":\"https:\/\/www.intersos.org\/fr\/travaillez-avec-nous-siege\/\",\"url\":\"https:\/\/www.intersos.org\/fr\/travaillez-avec-nous-siege\/\",\"name\":\"Travaillez avec nous - SI\u00c8GE | INTERSOS\",\"isPartOf\":{\"@id\":\"https:\/\/intersos.org\/en\/#website\"},\"datePublished\":\"2023-03-30T08:13:52+00:00\",\"dateModified\":\"2024-10-30T12:03:58+00:00\",\"breadcrumb\":{\"@id\":\"https:\/\/www.intersos.org\/fr\/travaillez-avec-nous-siege\/#breadcrumb\"},\"inLanguage\":\"fr-FR\",\"potentialAction\":[{\"@type\":\"ReadAction\",\"target\":[\"https:\/\/www.intersos.org\/fr\/travaillez-avec-nous-siege\/\"]}]},{\"@type\":\"BreadcrumbList\",\"@id\":\"https:\/\/www.intersos.org\/fr\/travaillez-avec-nous-siege\/#breadcrumb\",\"itemListElement\":[{\"@type\":\"ListItem\",\"position\":1,\"name\":\"Home\",\"item\":\"https:\/\/www.intersos.org\/\"},{\"@type\":\"ListItem\",\"position\":2,\"name\":\"Travaillez avec nous &#8211; SI\u00c8GE\"}]},{\"@type\":\"WebSite\",\"@id\":\"https:\/\/intersos.org\/en\/#website\",\"url\":\"https:\/\/intersos.org\/en\/\",\"name\":\"INTERSOS | Organizzazione umanitaria Onlus\",\"description\":\"INTERSOS\",\"alternateName\":\"INTERSOS\",\"potentialAction\":[{\"@type\":\"SearchAction\",\"target\":{\"@type\":\"EntryPoint\",\"urlTemplate\":\"https:\/\/intersos.org\/en\/?s={search_term_string}\"},\"query-input\":{\"@type\":\"PropertyValueSpecification\",\"valueRequired\":true,\"valueName\":\"search_term_string\"}}],\"inLanguage\":\"fr-FR\"}]}<\/script>\n<!-- \/ Yoast SEO plugin. -->","yoast_head_json":{"title":"Travaillez avec nous - SI\u00c8GE | INTERSOS","robots":{"index":"index","follow":"follow","max-snippet":"max-snippet:-1","max-image-preview":"max-image-preview:large","max-video-preview":"max-video-preview:-1"},"canonical":"https:\/\/www.intersos.org\/fr\/travaillez-avec-nous-siege\/","og_locale":"fr_FR","og_type":"article","og_title":"Travaillez avec nous - SI\u00c8GE | INTERSOS","og_description":"[vc_row][vc_column width=&#8221;1\/1&#8243;][vc_column_text uncode_shortcode_id=&#8221;686577&#8243;] Rejoindre le groupe d\u2019INTERSOS au sein de son si\u00e8ge central INTERSOS recrute du personnel qualifi\u00e9 dans divers [&hellip;]","og_url":"https:\/\/www.intersos.org\/fr\/travaillez-avec-nous-siege\/","og_site_name":"Intersos","article_publisher":"https:\/\/www.facebook.com\/Intersos.org\/","article_modified_time":"2024-10-30T12:03:58+00:00","twitter_card":"summary_large_image","twitter_site":"@intersos","twitter_misc":{"Dur\u00e9e de lecture estim\u00e9e":"6 minutes"},"schema":{"@context":"https:\/\/schema.org","@graph":[{"@type":"WebPage","@id":"https:\/\/www.intersos.org\/fr\/travaillez-avec-nous-siege\/","url":"https:\/\/www.intersos.org\/fr\/travaillez-avec-nous-siege\/","name":"Travaillez avec nous - SI\u00c8GE | INTERSOS","isPartOf":{"@id":"https:\/\/intersos.org\/en\/#website"},"datePublished":"2023-03-30T08:13:52+00:00","dateModified":"2024-10-30T12:03:58+00:00","breadcrumb":{"@id":"https:\/\/www.intersos.org\/fr\/travaillez-avec-nous-siege\/#breadcrumb"},"inLanguage":"fr-FR","potentialAction":[{"@type":"ReadAction","target":["https:\/\/www.intersos.org\/fr\/travaillez-avec-nous-siege\/"]}]},{"@type":"BreadcrumbList","@id":"https:\/\/www.intersos.org\/fr\/travaillez-avec-nous-siege\/#breadcrumb","itemListElement":[{"@type":"ListItem","position":1,"name":"Home","item":"https:\/\/www.intersos.org\/"},{"@type":"ListItem","position":2,"name":"Travaillez avec nous &#8211; SI\u00c8GE"}]},{"@type":"WebSite","@id":"https:\/\/intersos.org\/en\/#website","url":"https:\/\/intersos.org\/en\/","name":"INTERSOS | Organizzazione umanitaria Onlus","description":"INTERSOS","alternateName":"INTERSOS","potentialAction":[{"@type":"SearchAction","target":{"@type":"EntryPoint","urlTemplate":"https:\/\/intersos.org\/en\/?s={search_term_string}"},"query-input":{"@type":"PropertyValueSpecification","valueRequired":true,"valueName":"search_term_string"}}],"inLanguage":"fr-FR"}]}},"_links":{"self":[{"href":"https:\/\/www.intersos.org\/fr\/wp-json\/wp\/v2\/pages\/108207","targetHints":{"allow":["GET"]}}],"collection":[{"href":"https:\/\/www.intersos.org\/fr\/wp-json\/wp\/v2\/pages"}],"about":[{"href":"https:\/\/www.intersos.org\/fr\/wp-json\/wp\/v2\/types\/page"}],"author":[{"embeddable":true,"href":"https:\/\/www.intersos.org\/fr\/wp-json\/wp\/v2\/users\/1"}],"replies":[{"embeddable":true,"href":"https:\/\/www.intersos.org\/fr\/wp-json\/wp\/v2\/comments?post=108207"}],"version-history":[{"count":4,"href":"https:\/\/www.intersos.org\/fr\/wp-json\/wp\/v2\/pages\/108207\/revisions"}],"predecessor-version":[{"id":108211,"href":"https:\/\/www.intersos.org\/fr\/wp-json\/wp\/v2\/pages\/108207\/revisions\/108211"}],"wp:attachment":[{"href":"https:\/\/www.intersos.org\/fr\/wp-json\/wp\/v2\/media?parent=108207"}],"curies":[{"name":"wp","href":"https:\/\/api.w.org\/{rel}","templated":true}]}}