{"id":108171,"date":"2023-03-30T09:55:45","date_gmt":"2023-03-30T07:55:45","guid":{"rendered":"https:\/\/www.intersos.org\/italie-le-travail-avec-intersos-au-centre-des-projets-en-italie\/"},"modified":"2024-10-30T12:03:22","modified_gmt":"2024-10-30T11:03:22","slug":"italie-le-travail-avec-intersos-au-centre-des-projets-en-italie","status":"publish","type":"page","link":"https:\/\/www.intersos.org\/fr\/italie-le-travail-avec-intersos-au-centre-des-projets-en-italie\/","title":{"rendered":"Italie: le travail avec INTERSOS au centre des projets en Italie"},"content":{"rendered":"<div class=\"wpb-content-wrapper\"><p>[vc_row][vc_column width=&#8221;1\/1&#8243;][vc_column_text uncode_shortcode_id=&#8221;350285&#8243;]<\/p>\n<h1><b>Italie : le travail avec INTERSOS au centre des projets en Italie<\/b><\/h1>\n<p><span style=\"font-weight: 400;\">INTERSOS recherche des professionnels \u00e9galement pour ses projets en terre italienne. <\/span><\/p>\n<p><span style=\"font-weight: 400;\">En Italie, INTERSOS op\u00e8re \u00e0 Rome, \u00e0 Foggia et en Sicile. Dans la capitale, sa pr\u00e9sence est visible \u00e0 travers les centres INTERSOS24 et INTERSOSLAB, de deux cliniques mobiles. Nous soutenons \u00e9galement les personnes en conditions de vuln\u00e9rabilit\u00e9, souvent des migrants. L\u2019approche int\u00e9gr\u00e9e par INTERSOS inclus les services socio-sanitaire, l\u2019orientation, l\u2019acc\u00e8s \u00e0 l\u2019emploi, et \u00e0 l\u2019int\u00e9gration au travail, des nuit\u00e9es, et un accompagnement psycho-social pour les mineurs et les femmes rescap\u00e9es des violences li\u00e9es aux genres. Dans les r\u00e9gions de Foggia et de Sicile nous proposons une assistance m\u00e9dicale et une inclusion sanitaire dans des quartiers qui accueillent principalement des travailleurs agricoles saisonniers migrants.   <\/span><\/p>\n<p><span style=\"font-weight: 400;\">Si vous \u00eates int\u00e9ress\u00e9 et avez des comp\u00e9tences techniques et une certaine exp\u00e9rience, postulez en ligne avec votre profil et apportez votre contribution \u00e0 INTERSOS!<\/span>[\/vc_column_text][\/vc_column][\/vc_row][vc_row row_height_percent=&#8221;0&#8243; override_padding=&#8221;yes&#8221; h_padding=&#8221;2&#8243; top_padding=&#8221;2&#8243; bottom_padding=&#8221;0&#8243; overlay_alpha=&#8221;50&#8243; gutter_size=&#8221;3&#8243; column_width_percent=&#8221;100&#8243; shift_y=&#8221;0&#8243; z_index=&#8221;0&#8243; uncode_shortcode_id=&#8221;204595&#8243;][vc_column column_width_percent=&#8221;100&#8243; position_horizontal=&#8221;left&#8221; position_vertical=&#8221;middle&#8221; gutter_size=&#8221;3&#8243; override_padding=&#8221;yes&#8221; column_padding=&#8221;3&#8243; style=&#8221;dark&#8221; back_color=&#8221;color-214091&#8243; overlay_alpha=&#8221;50&#8243; shift_x=&#8221;0&#8243; shift_y=&#8221;0&#8243; shift_y_down=&#8221;0&#8243; z_index=&#8221;0&#8243; medium_width=&#8221;0&#8243; mobile_width=&#8221;0&#8243; radius=&#8221;xl&#8221; width=&#8221;1\/1&#8243; uncode_shortcode_id=&#8221;179605&#8243; back_color_type=&#8221;uncode-palette&#8221;][vc_row_inner][vc_column_inner column_width_percent=&#8221;100&#8243; gutter_size=&#8221;3&#8243; style=&#8221;dark&#8221; overlay_alpha=&#8221;50&#8243; shift_x=&#8221;0&#8243; shift_y=&#8221;0&#8243; shift_y_down=&#8221;0&#8243; z_index=&#8221;0&#8243; medium_width=&#8221;0&#8243; mobile_width=&#8221;0&#8243; width=&#8221;2\/3&#8243; uncode_shortcode_id=&#8221;609902&#8243;][vc_column_text uncode_shortcode_id=&#8221;184772&#8243;]<\/p>\n<h2>Processus de s\u00e9lection<\/h2>\n<p><span style=\"font-weight: 400;\">Comment fonctionne le processus \u00e0 suivre en ce qui est de la mission en Italie<\/span>[\/vc_column_text][\/vc_column_inner][vc_column_inner column_width_percent=&#8221;100&#8243; gutter_size=&#8221;3&#8243; style=&#8221;dark&#8221; overlay_alpha=&#8221;50&#8243; shift_x=&#8221;0&#8243; shift_y=&#8221;0&#8243; shift_y_down=&#8221;0&#8243; z_index=&#8221;0&#8243; medium_visibility=&#8221;yes&#8221; medium_width=&#8221;0&#8243; mobile_visibility=&#8221;yes&#8221; mobile_width=&#8221;0&#8243; width=&#8221;1\/3&#8243; uncode_shortcode_id=&#8221;191542&#8243;][\/vc_column_inner][\/vc_row_inner][vc_tabs align=&#8221;left&#8221;][vc_tab gutter_size=&#8221;2&#8243; column_padding=&#8221;2&#8243; title=&#8221;Candidature&#8221; tab_id=&#8221;1674660271-1-491680170342442&#8243;][vc_column_text uncode_shortcode_id=&#8221;174695&#8243;]<span style=\"font-weight: 400;\">Ceci est la premi\u00e8re phase du processus. Lisez attentivement les exigences d\u00fb au poste et postulez si votre profil correspond aux comp\u00e9tences recherch\u00e9es. <\/span><\/p>\n<p><span style=\"font-weight: 400;\">Seuls les candidats s\u00e9lectionn\u00e9s seront convoqu\u00e9s pour un entretien. Toutefois, nous pouvons d\u00e9cider de pr\u00e9s\u00e9lectionner votre candidature et vous contacter afin d\u2019entamer un processus de recrutement \u00e0 d\u2019autres fins. Dans tous les cas nous renvoyons toujours un feedback aussi rapidement que possible ; bien que cela puisse prendre un certain temps vu le nombre important de candidature.  <\/span><\/p>\n<p>INTERSOS en tant qu\u2019organisation humanitaire, travaille habituellement en situation de grande urgence et dans des d\u00e9lais extr\u00eamement courts : pour cela la s\u00e9lection pourrait \u00eatre ferm\u00e9e bien avant la date d\u2019expiration officielle de l\u2019appel \u00e0 candidature.[\/vc_column_text][\/vc_tab][vc_tab gutter_size=&#8221;2&#8243; column_padding=&#8221;2&#8243; title=&#8221;Contact t\u00e9l\u00e9phonique&#8221; tab_id=&#8221;1674660271-2-901680170342442&#8243;][vc_column_text uncode_shortcode_id=&#8221;211875&#8243;]<span style=\"font-weight: 400;\">Le premier contact t\u00e9l\u00e9phonique vise \u00e0 \u00e9valuer si le candidat poss\u00e8de le minimum de comp\u00e9tences requis pour le poste. Durant cette phase il vous sera communiqu\u00e9 ; les horaires impartis au travail, le salaire y aff\u00e9rant, pour \u00e9valuer la compatibilit\u00e9 entre les deux parties. <\/span>[\/vc_column_text][\/vc_tab][vc_tab gutter_size=&#8221;2&#8243; column_padding=&#8221;2&#8243; title=&#8221;L\u2019\u00e9valuation technique&#8221; tab_id=&#8221;1674661042289-2-91680170342442&#8243;][vc_column_text uncode_shortcode_id=&#8221;420984&#8243;]<span style=\"font-weight: 400;\">Selon le poste, il serait possible d\u2019effectuer une \u00e9valuation technique \u00e9crite ou orale.<\/span>[\/vc_column_text][\/vc_tab][vc_tab gutter_size=&#8221;2&#8243; column_padding=&#8221;2&#8243; title=&#8221;L\u2019entretien&#8221; tab_id=&#8221;1674661055637-3-51680170342442&#8243;][vc_column_text uncode_shortcode_id=&#8221;141424&#8243;]<span style=\"font-weight: 400;\">L\u2019entretien se d\u00e9roule normalement en pr\u00e9sence d\u2019un panel constitu\u00e9 des ressources humaines, et d\u2019un responsable des services en ligne. L\u2019entretien vise \u00e0 \u00e9valuer, l\u2019\u00e9ventail de comp\u00e9tences requis, avec une attention particuli\u00e8re sur les aptitudes personnelles et les comp\u00e9tences techniques recherch\u00e9s pour chaque poste sp\u00e9cifique. <\/span><\/p>\n<p><span style=\"font-weight: 400;\">Au cours de cette phase, il vous sera communiqu\u00e9 en d\u00e9tails, les informations relatives au poste, au groupe \u00e0 int\u00e9grer et enfin au projet. <\/span><\/p>\n<p><span style=\"font-weight: 400;\">Cela peut se d\u00e9rouler en ligne comme en pr\u00e9sentiel.<\/span>[\/vc_column_text][\/vc_tab][vc_tab gutter_size=&#8221;2&#8243; column_padding=&#8221;2&#8243; title=&#8221;Control de r\u00e9f\u00e9rences&#8221; tab_id=&#8221;1674661068784-4-91680170342442&#8243;][vc_column_text uncode_shortcode_id=&#8221;665383&#8243;]<span style=\"font-weight: 400;\">Une fois que le candidat a r\u00e9ussi le dernier entretien, nous initions la v\u00e9rification de ses r\u00e9f\u00e9rences. Sont demand\u00e9es, les r\u00e9f\u00e9rences des ressources humaines des missions les plus r\u00e9centes et trois responsables hi\u00e9rarchiques. Commence contextuellement aussi la collecte de la documentation n\u00e9cessaire \u00e0 la contractualisation.  <\/span><\/p>\n<p><span style=\"font-weight: 400;\">Une fois, ces d\u00e9marches d\u00e9termin\u00e9es, une proposition formelle de collaboration et le dossier complet desdits conditions sont envoy\u00e9s. Le processus d\u2019embarquement peut donc commencer. <\/span>[\/vc_column_text][\/vc_tab][vc_tab gutter_size=&#8221;2&#8243; column_padding=&#8221;2&#8243; title=&#8221;Embarquement&#8221; tab_id=&#8221;1674661076714-5-01680170342442&#8243;][vc_column_text uncode_shortcode_id=&#8221;162993&#8243;]<span style=\"font-weight: 400;\">Durant cette phase initiative d\u2019engagement, l\u2019organisation vous offre une formation en pr\u00e9sentiel ou en ligne. <\/span><\/p>\n<p><span style=\"font-weight: 400;\"><br \/>Bienvenu \u00e0 INTERSOS!<\/span>[\/vc_column_text][\/vc_tab][\/vc_tabs][\/vc_column][\/vc_row][vc_row][vc_column width=&#8221;1\/1&#8243;][vc_empty_space empty_h=&#8221;2&#8243;][\/vc_column][\/vc_row][vc_row][vc_column width=&#8221;1\/1&#8243;][vc_column_text uncode_shortcode_id=&#8221;322477&#8243;]<\/p>\n<h2><b>Conditions de travail et avantages<\/b><\/h2>\n<ul>\n<li style=\"font-weight: 400;\" aria-level=\"1\"><span style=\"font-weight: 400;\">Le salaire est proportionnel au poste<\/span><\/li>\n<li style=\"font-weight: 400;\" aria-level=\"1\"><span style=\"font-weight: 400;\">2.5 jours de r\u00e9cup\u00e9ration psychophysique sont accord\u00e9s durant chaque mois du contrat.<\/span><\/li>\n<li style=\"font-weight: 400;\" aria-level=\"1\"><span style=\"font-weight: 400;\">Induction<\/span><\/li>\n<li style=\"font-weight: 400;\" aria-level=\"1\"><span style=\"font-weight: 400;\">Une assistance sanitaire int\u00e9gr\u00e9e<\/span><\/li>\n<li style=\"font-weight: 400;\" aria-level=\"1\"><span style=\"font-weight: 400;\">Un logement en appartement meubl\u00e9 dans certains cas<\/span><\/li>\n<\/ul>\n<p>[\/vc_column_text][\/vc_column][\/vc_row][vc_row][vc_column width=&#8221;1\/1&#8243;][vc_column_text uncode_shortcode_id=&#8221;124568&#8243;]<\/p>\n<h2>Postes vacants<\/h2>\n<p>[\/vc_column_text][vc_raw_html]PHNjcmlwdCB0eXBlPSJ0ZXh0L2phdmFzY3JpcHQiPmFwcF9pZD0iNTcxYmViMGU5ZmZjODBjMTVjNzg2OGExIjtkaXN0cmlidXRpb25fa2V5PSJkaXN0XzkiOzwvc2NyaXB0PjxzY3JpcHQgdHlwZT0idGV4dC9qYXZhc2NyaXB0IiBzcmM9Imh0dHBzOi8vbG9hZGVyLmtuYWNrLmNvbS81NzFiZWIwZTlmZmM4MGMxNWM3ODY4YTEvZGlzdF85L2tuYWNrLmpzIj48L3NjcmlwdD48ZGl2IGlkPSJrbmFjay1kaXN0XzkiPkNoYXJnZW1lbnQuLi48L2Rpdj4=[\/vc_raw_html][\/vc_column][\/vc_row][vc_row][vc_column width=&#8221;1\/1&#8243;][vc_empty_space empty_h=&#8221;2&#8243;][\/vc_column][\/vc_row]<\/p>\n<\/div>","protected":false},"excerpt":{"rendered":"<p>[vc_row][vc_column width=&#8221;1\/1&#8243;][vc_column_text uncode_shortcode_id=&#8221;350285&#8243;] Italie : le travail avec INTERSOS au centre des projets en Italie INTERSOS recherche des professionnels \u00e9galement [&hellip;]<\/p>\n","protected":false},"author":1,"featured_media":0,"parent":0,"menu_order":0,"comment_status":"closed","ping_status":"closed","template":"","meta":{"_acf_changed":false,"footnotes":""},"class_list":["post-108171","page","type-page","status-publish","hentry","page_category-pagine-risorse-umane"],"acf":[],"yoast_head":"<!-- This site is optimized with the Yoast SEO plugin v27.2 - https:\/\/yoast.com\/product\/yoast-seo-wordpress\/ -->\n<title>Italie: le travail avec INTERSOS au centre des projets en Italie | INTERSOS<\/title>\n<meta name=\"robots\" content=\"index, follow, max-snippet:-1, max-image-preview:large, max-video-preview:-1\" \/>\n<link rel=\"canonical\" href=\"https:\/\/www.intersos.org\/fr\/italie-le-travail-avec-intersos-au-centre-des-projets-en-italie\/\" \/>\n<meta property=\"og:locale\" content=\"fr_FR\" \/>\n<meta property=\"og:type\" content=\"article\" \/>\n<meta property=\"og:title\" content=\"Italie: le travail avec INTERSOS au centre des projets en Italie | INTERSOS\" \/>\n<meta property=\"og:description\" content=\"[vc_row][vc_column width=&#8221;1\/1&#8243;][vc_column_text uncode_shortcode_id=&#8221;350285&#8243;] Italie : le travail avec INTERSOS au centre des projets en Italie INTERSOS recherche des professionnels \u00e9galement [&hellip;]\" \/>\n<meta property=\"og:url\" content=\"https:\/\/www.intersos.org\/fr\/italie-le-travail-avec-intersos-au-centre-des-projets-en-italie\/\" \/>\n<meta property=\"og:site_name\" content=\"Intersos\" \/>\n<meta property=\"article:publisher\" content=\"https:\/\/www.facebook.com\/Intersos.org\/\" \/>\n<meta property=\"article:modified_time\" content=\"2024-10-30T11:03:22+00:00\" \/>\n<meta name=\"twitter:card\" content=\"summary_large_image\" \/>\n<meta name=\"twitter:site\" content=\"@intersos\" \/>\n<meta name=\"twitter:label1\" content=\"Dur\u00e9e de lecture estim\u00e9e\" \/>\n\t<meta name=\"twitter:data1\" content=\"5 minutes\" \/>\n<script type=\"application\/ld+json\" class=\"yoast-schema-graph\">{\"@context\":\"https:\/\/schema.org\",\"@graph\":[{\"@type\":\"WebPage\",\"@id\":\"https:\/\/www.intersos.org\/fr\/italie-le-travail-avec-intersos-au-centre-des-projets-en-italie\/\",\"url\":\"https:\/\/www.intersos.org\/fr\/italie-le-travail-avec-intersos-au-centre-des-projets-en-italie\/\",\"name\":\"Italie: le travail avec INTERSOS au centre des projets en Italie | INTERSOS\",\"isPartOf\":{\"@id\":\"https:\/\/intersos.org\/en\/#website\"},\"datePublished\":\"2023-03-30T07:55:45+00:00\",\"dateModified\":\"2024-10-30T11:03:22+00:00\",\"breadcrumb\":{\"@id\":\"https:\/\/www.intersos.org\/fr\/italie-le-travail-avec-intersos-au-centre-des-projets-en-italie\/#breadcrumb\"},\"inLanguage\":\"fr-FR\",\"potentialAction\":[{\"@type\":\"ReadAction\",\"target\":[\"https:\/\/www.intersos.org\/fr\/italie-le-travail-avec-intersos-au-centre-des-projets-en-italie\/\"]}]},{\"@type\":\"BreadcrumbList\",\"@id\":\"https:\/\/www.intersos.org\/fr\/italie-le-travail-avec-intersos-au-centre-des-projets-en-italie\/#breadcrumb\",\"itemListElement\":[{\"@type\":\"ListItem\",\"position\":1,\"name\":\"Home\",\"item\":\"https:\/\/www.intersos.org\/\"},{\"@type\":\"ListItem\",\"position\":2,\"name\":\"Italie: le travail avec INTERSOS au centre des projets en Italie\"}]},{\"@type\":\"WebSite\",\"@id\":\"https:\/\/intersos.org\/en\/#website\",\"url\":\"https:\/\/intersos.org\/en\/\",\"name\":\"INTERSOS | Organizzazione umanitaria Onlus\",\"description\":\"INTERSOS\",\"alternateName\":\"INTERSOS\",\"potentialAction\":[{\"@type\":\"SearchAction\",\"target\":{\"@type\":\"EntryPoint\",\"urlTemplate\":\"https:\/\/intersos.org\/en\/?s={search_term_string}\"},\"query-input\":{\"@type\":\"PropertyValueSpecification\",\"valueRequired\":true,\"valueName\":\"search_term_string\"}}],\"inLanguage\":\"fr-FR\"}]}<\/script>\n<!-- \/ Yoast SEO plugin. -->","yoast_head_json":{"title":"Italie: le travail avec INTERSOS au centre des projets en Italie | INTERSOS","robots":{"index":"index","follow":"follow","max-snippet":"max-snippet:-1","max-image-preview":"max-image-preview:large","max-video-preview":"max-video-preview:-1"},"canonical":"https:\/\/www.intersos.org\/fr\/italie-le-travail-avec-intersos-au-centre-des-projets-en-italie\/","og_locale":"fr_FR","og_type":"article","og_title":"Italie: le travail avec INTERSOS au centre des projets en Italie | INTERSOS","og_description":"[vc_row][vc_column width=&#8221;1\/1&#8243;][vc_column_text uncode_shortcode_id=&#8221;350285&#8243;] Italie : le travail avec INTERSOS au centre des projets en Italie INTERSOS recherche des professionnels \u00e9galement [&hellip;]","og_url":"https:\/\/www.intersos.org\/fr\/italie-le-travail-avec-intersos-au-centre-des-projets-en-italie\/","og_site_name":"Intersos","article_publisher":"https:\/\/www.facebook.com\/Intersos.org\/","article_modified_time":"2024-10-30T11:03:22+00:00","twitter_card":"summary_large_image","twitter_site":"@intersos","twitter_misc":{"Dur\u00e9e de lecture estim\u00e9e":"5 minutes"},"schema":{"@context":"https:\/\/schema.org","@graph":[{"@type":"WebPage","@id":"https:\/\/www.intersos.org\/fr\/italie-le-travail-avec-intersos-au-centre-des-projets-en-italie\/","url":"https:\/\/www.intersos.org\/fr\/italie-le-travail-avec-intersos-au-centre-des-projets-en-italie\/","name":"Italie: le travail avec INTERSOS au centre des projets en Italie | INTERSOS","isPartOf":{"@id":"https:\/\/intersos.org\/en\/#website"},"datePublished":"2023-03-30T07:55:45+00:00","dateModified":"2024-10-30T11:03:22+00:00","breadcrumb":{"@id":"https:\/\/www.intersos.org\/fr\/italie-le-travail-avec-intersos-au-centre-des-projets-en-italie\/#breadcrumb"},"inLanguage":"fr-FR","potentialAction":[{"@type":"ReadAction","target":["https:\/\/www.intersos.org\/fr\/italie-le-travail-avec-intersos-au-centre-des-projets-en-italie\/"]}]},{"@type":"BreadcrumbList","@id":"https:\/\/www.intersos.org\/fr\/italie-le-travail-avec-intersos-au-centre-des-projets-en-italie\/#breadcrumb","itemListElement":[{"@type":"ListItem","position":1,"name":"Home","item":"https:\/\/www.intersos.org\/"},{"@type":"ListItem","position":2,"name":"Italie: le travail avec INTERSOS au centre des projets en Italie"}]},{"@type":"WebSite","@id":"https:\/\/intersos.org\/en\/#website","url":"https:\/\/intersos.org\/en\/","name":"INTERSOS | Organizzazione umanitaria Onlus","description":"INTERSOS","alternateName":"INTERSOS","potentialAction":[{"@type":"SearchAction","target":{"@type":"EntryPoint","urlTemplate":"https:\/\/intersos.org\/en\/?s={search_term_string}"},"query-input":{"@type":"PropertyValueSpecification","valueRequired":true,"valueName":"search_term_string"}}],"inLanguage":"fr-FR"}]}},"_links":{"self":[{"href":"https:\/\/www.intersos.org\/fr\/wp-json\/wp\/v2\/pages\/108171","targetHints":{"allow":["GET"]}}],"collection":[{"href":"https:\/\/www.intersos.org\/fr\/wp-json\/wp\/v2\/pages"}],"about":[{"href":"https:\/\/www.intersos.org\/fr\/wp-json\/wp\/v2\/types\/page"}],"author":[{"embeddable":true,"href":"https:\/\/www.intersos.org\/fr\/wp-json\/wp\/v2\/users\/1"}],"replies":[{"embeddable":true,"href":"https:\/\/www.intersos.org\/fr\/wp-json\/wp\/v2\/comments?post=108171"}],"version-history":[{"count":2,"href":"https:\/\/www.intersos.org\/fr\/wp-json\/wp\/v2\/pages\/108171\/revisions"}],"predecessor-version":[{"id":108173,"href":"https:\/\/www.intersos.org\/fr\/wp-json\/wp\/v2\/pages\/108171\/revisions\/108173"}],"wp:attachment":[{"href":"https:\/\/www.intersos.org\/fr\/wp-json\/wp\/v2\/media?parent=108171"}],"curies":[{"name":"wp","href":"https:\/\/api.w.org\/{rel}","templated":true}]}}