{"id":108069,"date":"2022-11-22T14:42:43","date_gmt":"2022-11-22T13:42:43","guid":{"rendered":"https:\/\/www.intersos.org\/travaillez-avec-nous\/"},"modified":"2025-02-10T10:31:29","modified_gmt":"2025-02-10T09:31:29","slug":"travaillez-avec-nous","status":"publish","type":"page","link":"https:\/\/www.intersos.org\/fr\/travaillez-avec-nous\/","title":{"rendered":"Travaillez avec nous"},"content":{"rendered":"<div class=\"wpb-content-wrapper\"><p>[vc_row][vc_column width=&#8221;1\/1&#8243;][vc_column_text uncode_shortcode_id=&#8221;443561&#8243;]<\/p>\n<h1>Travaillez avec nous<\/h1>\n<p><span style=\"font-weight: 400;\">Travailler avec INTERSOS revient \u00e0 s\u2019engager professionnellement et humainement au soutien des communaut\u00e9s victimes des plus graves crises et urgences humanitaires, contribuant \u00e0 toujours garantir les droits fondamentaux et la protection des personnes vuln\u00e9rables.<\/span>[\/vc_column_text][\/vc_column][\/vc_row][vc_row row_height_percent=&#8221;0&#8243; overlay_alpha=&#8221;50&#8243; gutter_size=&#8221;3&#8243; column_width_percent=&#8221;100&#8243; shift_y=&#8221;0&#8243; z_index=&#8221;0&#8243; uncode_shortcode_id=&#8221;257123&#8243;][vc_column width=&#8221;1\/1&#8243;][vc_single_image media=&#8221;99898&#8243; media_width_percent=&#8221;100&#8243; alignment=&#8221;center&#8221; shape=&#8221;img-round&#8221; radius=&#8221;lg&#8221; shadow=&#8221;yes&#8221; shadow_weight=&#8221;sm&#8221; uncode_shortcode_id=&#8221;163672&#8243;][\/vc_column][\/vc_row][vc_row row_height_percent=&#8221;0&#8243; overlay_alpha=&#8221;50&#8243; gutter_size=&#8221;3&#8243; column_width_percent=&#8221;100&#8243; shift_y=&#8221;0&#8243; z_index=&#8221;0&#8243; desktop_visibility=&#8221;yes&#8221; medium_visibility=&#8221;yes&#8221; mobile_visibility=&#8221;yes&#8221; uncode_shortcode_id=&#8221;162778&#8243;][vc_column width=&#8221;1\/2&#8243;][vc_column_text uncode_shortcode_id=&#8221;686739&#8243;]<\/p>\n<h2>I nostri operatori e operatrici<\/h2>\n<p><span style=\"font-weight: 400;\">INTERSOS ha moltissimi operatori impegnati sia direttamente negli interventi di sostegno umanitario nelle aree di crisi internazionali, che nelle attivit\u00e0 in Italia, nella sede centrale a Roma e nelle sedi distaccate. Le loro professionalit\u00e0 sono molto varie, ecco le voci di alcuni di loro: <\/span>[\/vc_column_text][\/vc_column][vc_column column_width_percent=&#8221;100&#8243; gutter_size=&#8221;3&#8243; overlay_alpha=&#8221;50&#8243; shift_x=&#8221;0&#8243; shift_y=&#8221;0&#8243; shift_y_down=&#8221;0&#8243; z_index=&#8221;0&#8243; medium_visibility=&#8221;yes&#8221; medium_width=&#8221;0&#8243; mobile_visibility=&#8221;yes&#8221; mobile_width=&#8221;0&#8243; width=&#8221;1\/2&#8243; uncode_shortcode_id=&#8221;128438&#8243;][\/vc_column][\/vc_row][vc_row row_height_percent=&#8221;0&#8243; override_padding=&#8221;yes&#8221; h_padding=&#8221;2&#8243; top_padding=&#8221;0&#8243; bottom_padding=&#8221;4&#8243; back_color=&#8221;color-191468&#8243; overlay_alpha=&#8221;50&#8243; gutter_size=&#8221;3&#8243; column_width_percent=&#8221;100&#8243; shift_y=&#8221;0&#8243; z_index=&#8221;1&#8243; desktop_visibility=&#8221;yes&#8221; medium_visibility=&#8221;yes&#8221; mobile_visibility=&#8221;yes&#8221; uncode_shortcode_id=&#8221;211089&#8243; back_color_type=&#8221;uncode-palette&#8221;][vc_column column_width_percent=&#8221;100&#8243; position_horizontal=&#8221;left&#8221; gutter_size=&#8221;3&#8243; style=&#8221;light&#8221; overlay_alpha=&#8221;50&#8243; shift_x=&#8221;0&#8243; shift_y=&#8221;0&#8243; shift_y_down=&#8221;0&#8243; z_index=&#8221;0&#8243; medium_width=&#8221;0&#8243; mobile_width=&#8221;0&#8243; width=&#8221;1\/1&#8243; uncode_shortcode_id=&#8221;129254&#8243;][vc_gallery el_id=&#8221;gallery-114899&#8243; type=&#8221;carousel&#8221; medias=&#8221;88785&#8243; carousel_lg=&#8221;3&#8243; carousel_md=&#8221;2&#8243; carousel_sm=&#8221;1&#8243; gutter_size=&#8221;3&#8243; media_items=&#8221;description,title,caption&#8221; carousel_height=&#8221;equal&#8221; carousel_interval=&#8221;0&#8243; carousel_navspeed=&#8221;700&#8243; carousel_loop=&#8221;yes&#8221; carousel_nav=&#8221;yes&#8221; carousel_nav_mobile=&#8221;yes&#8221; carousel_dot_position=&#8221;right&#8221; carousel_textual=&#8221;yes&#8221; hide_quotes=&#8221;yes&#8221; stage_padding=&#8221;0&#8243; single_text=&#8221;under&#8221; single_back_color=&#8221;color-xsdn&#8221; single_shape=&#8221;round&#8221; radius=&#8221;xl&#8221; single_overlay_opacity=&#8221;50&#8243; single_overlay_anim=&#8221;no&#8221; single_text_visible=&#8221;yes&#8221; single_text_anim=&#8221;no&#8221; single_image_anim=&#8221;no&#8221; single_padding=&#8221;0&#8243; single_title_dimension=&#8221;h3&#8243; single_text_lead=&#8221;yes&#8221; single_icon=&#8221;fa fa-quote-left&#8221; no_double_tap=&#8221;yes&#8221; uncode_shortcode_id=&#8221;837560&#8243; el_class=&#8221;carosello-doa carosello-solo-testo-doa virgolette&#8221;][\/vc_column][\/vc_row][vc_row][vc_column width=&#8221;1\/1&#8243;][vc_column_text uncode_shortcode_id=&#8221;222840&#8243;]<\/p>\n<h2>Que recherchons-nous<\/h2>\n<p><span style=\"font-weight: 400;\">Travailler avec INTERSOS, signifie faire partie d\u2019une organisation dont l\u2019objectif est d\u2019am\u00e9liorer les conditions de vie des personnes victimes des crises humanitaires. Dans la majeure partie des cas, il s\u2019agit de descendre en personne sur le terrain dans des zones de conflits arm\u00e9s ou de crise, en contexte aussi difficile, qu\u2019en situation de grande ins\u00e9curit\u00e9 pour contribuer \u00e0 la r\u00e9alisation de la premi\u00e8re r\u00e9ponse de secours suite \u00e0 une situation d\u2019urgence. <\/span><\/p>\n<p><span style=\"font-weight: 400;\">Dans d\u2019autres cas cela signifie, contribuer \u00e0 la r\u00e9alisation des projets effectu\u00e9s en Italie ou encore soutenir la coordination des activit\u00e9s du si\u00e8ge central \u00e0 Rome ou de ceux d\u2019Amman, Dakar, et Nairobi.<\/span><\/p>\n<p><span style=\"font-weight: 400;\">Les comp\u00e9tences professionnelles et personnelles pour cela sont nombreuses et diverses en fonction du poste. Toujours est -il que nous recherchons de la part de nos travailleurs, une forte motivation et une pleine adh\u00e9sion aux principes humanitaires. <\/span><\/p>\n<p><span style=\"font-weight: 400;\">Les comp\u00e9tences n\u00e9cessaires sont un ensemble de connaissances transversales, de d\u00e9votion, de capacit\u00e9, d\u2019attitude mis en commun qui permettent \u00e0 une personne d\u2019agir promptement et efficacement devant une situation critique. <\/span><\/p>\n<p><span style=\"font-weight: 400;\">Chaque niveau de responsabilit\u00e9 requi\u00e8re des comp\u00e9tences sp\u00e9cifiques ; d\u2019aucunes sont essentielles \u00e0 tous les niveaux tels que :la motivation, la connaissance de soi, d\u2019autres comme, la capacit\u00e9 de vision strat\u00e9gique par contre, sont n\u00e9cessaires \u00e0 certains niveaux de responsabilit\u00e9.<\/span>[\/vc_column_text][\/vc_column][\/vc_row][vc_row][vc_column width=&#8221;1\/1&#8243;][vc_column_text uncode_shortcode_id=&#8221;202006&#8243;]<\/p>\n<h2>Rejoindre le groupe d&#8217;INTERSOS<\/h2>\n<p><span style=\"font-weight: 400;\">Contr\u00f4lez les profils les plus recherches, les crit\u00e8res de s\u00e9lection, les conditions que nous appliquons sur les diff\u00e9rentes opportunit\u00e9s de collaboration et les postes actuellement disponibles.<\/span><\/p>\n<p><span style=\"font-weight: 400;\">Si vous \u00eates int\u00e9ress\u00e9 par le secteur humanitaire et avez les comp\u00e9tences requises, posez votre candidature au poste sollicit\u00e9 avec votre profil, et rejoignez le groupe d\u2019INTERSOS!<\/span>[\/vc_column_text][\/vc_column][\/vc_row][vc_row row_height_percent=&#8221;0&#8243; overlay_alpha=&#8221;50&#8243; gutter_size=&#8221;3&#8243; column_width_percent=&#8221;100&#8243; shift_y=&#8221;0&#8243; z_index=&#8221;0&#8243; uncode_shortcode_id=&#8221;249108&#8243;][vc_column column_width_percent=&#8221;100&#8243; position_horizontal=&#8221;left&#8221; position_vertical=&#8221;bottom&#8221; gutter_size=&#8221;3&#8243; expand_height=&#8221;yes&#8221; style=&#8221;dark&#8221; back_image=&#8221;96386&#8243; overlay_alpha=&#8221;50&#8243; radius=&#8221;lg&#8221; shadow=&#8221;sm&#8221; shift_x=&#8221;0&#8243; shift_y=&#8221;0&#8243; shift_y_down=&#8221;0&#8243; z_index=&#8221;0&#8243; medium_width=&#8221;0&#8243; mobile_width=&#8221;0&#8243; width=&#8221;1\/3&#8243; uncode_shortcode_id=&#8221;111397&#8243; link_to=&#8221;url:https%3A%2F%2Fwww.intersos.org%2Ffr%2Ftravailler-avec-nous-sur-le-terrain%2F|title:Field&#8221;][vc_empty_space empty_h=&#8221;3&#8243;][vc_column_text uncode_shortcode_id=&#8221;110081&#8243;]<\/p>\n<h3>Terrain<\/h3>\n<p>[\/vc_column_text][\/vc_column][vc_column column_width_percent=&#8221;100&#8243; position_vertical=&#8221;bottom&#8221; gutter_size=&#8221;3&#8243; style=&#8221;dark&#8221; back_image=&#8221;100224&#8243; overlay_alpha=&#8221;50&#8243; radius=&#8221;lg&#8221; shadow=&#8221;sm&#8221; shift_x=&#8221;0&#8243; shift_y=&#8221;0&#8243; shift_y_down=&#8221;0&#8243; z_index=&#8221;0&#8243; medium_width=&#8221;0&#8243; mobile_width=&#8221;0&#8243; width=&#8221;1\/3&#8243; uncode_shortcode_id=&#8221;700505&#8243; link_to=&#8221;url:https%3A%2F%2Fwww.intersos.org%2Ffr%2Fitalie-le-travail-avec-intersos-au-centre-des-projets-en-italie%2F|title:Lavora%20con%20noi%20%E2%80%93%20Itala&#8221;][vc_empty_space empty_h=&#8221;3&#8243;][vc_column_text uncode_shortcode_id=&#8221;829567&#8243;]<\/p>\n<h3>Italie<\/h3>\n<p>[\/vc_column_text][\/vc_column][vc_column column_width_percent=&#8221;100&#8243; gutter_size=&#8221;3&#8243; style=&#8221;dark&#8221; back_image=&#8221;96422&#8243; overlay_alpha=&#8221;50&#8243; radius=&#8221;lg&#8221; shadow=&#8221;sm&#8221; shift_x=&#8221;0&#8243; shift_y=&#8221;0&#8243; shift_y_down=&#8221;0&#8243; z_index=&#8221;0&#8243; medium_width=&#8221;0&#8243; mobile_width=&#8221;0&#8243; width=&#8221;1\/3&#8243; uncode_shortcode_id=&#8221;538763&#8243; link_to=&#8221;url:https%3A%2F%2Fwww.intersos.org%2Ffr%2Ftravaillez-avec-nous-siege%2F|title:Lavora%20con%20noi%20HQ&#8221;][vc_empty_space empty_h=&#8221;3&#8243;][vc_column_text uncode_shortcode_id=&#8221;544863&#8243;]<\/p>\n<h3><strong>Si\u00e8ge\/Hubs<\/strong><\/h3>\n<p>[\/vc_column_text][\/vc_column][\/vc_row][vc_row row_height_percent=&#8221;0&#8243; overlay_alpha=&#8221;50&#8243; gutter_size=&#8221;3&#8243; column_width_percent=&#8221;100&#8243; shift_y=&#8221;0&#8243; z_index=&#8221;0&#8243; uncode_shortcode_id=&#8221;180396&#8243;][vc_column width=&#8221;1\/3&#8243;][\/vc_column][vc_column column_width_percent=&#8221;100&#8243; position_horizontal=&#8221;left&#8221; position_vertical=&#8221;bottom&#8221; gutter_size=&#8221;3&#8243; expand_height=&#8221;yes&#8221; style=&#8221;dark&#8221; back_image=&#8221;100227&#8243; overlay_color=&#8221;color-jevc&#8221; overlay_alpha=&#8221;25&#8243; radius=&#8221;lg&#8221; shadow=&#8221;sm&#8221; shift_x=&#8221;0&#8243; shift_y=&#8221;0&#8243; shift_y_down=&#8221;0&#8243; z_index=&#8221;0&#8243; medium_width=&#8221;0&#8243; mobile_width=&#8221;0&#8243; width=&#8221;1\/3&#8243; uncode_shortcode_id=&#8221;154385&#8243; link_to=&#8221;url:https%3A%2F%2Fwww.intersos.org%2Ffr%2Ftravailler-avec-nous-stage%2F|title:Field&#8221; overlay_color_type=&#8221;uncode-palette&#8221;][vc_empty_space empty_h=&#8221;3&#8243;][vc_column_text uncode_shortcode_id=&#8221;396817&#8243;]<\/p>\n<h3><strong>Stage<\/strong><\/h3>\n<p>[\/vc_column_text][\/vc_column][vc_column width=&#8221;1\/3&#8243;][\/vc_column][\/vc_row][vc_row][vc_column width=&#8221;1\/1&#8243;][vc_empty_space empty_h=&#8221;2&#8243;][vc_column_text uncode_shortcode_id=&#8221;203293&#8243;]Veuillez noter qu&#8217;INTERSOS ne demande aucun frais \u00e0 aucune \u00e9tape du processus de recrutement.<\/p>\n<p>Les communications officielles d&#8217;INTERSOS proviennent toujours d&#8217;e-mails se terminant par @intersos.org. Veuillez ne pas tenir compte de toute autre communication cens\u00e9e repr\u00e9senter INTERSOS.[\/vc_column_text][\/vc_column][\/vc_row]<\/p>\n<\/div>","protected":false},"excerpt":{"rendered":"<p>[vc_row][vc_column width=&#8221;1\/1&#8243;][vc_column_text uncode_shortcode_id=&#8221;443561&#8243;] Travaillez avec nous Travailler avec INTERSOS revient \u00e0 s\u2019engager professionnellement et humainement au soutien des communaut\u00e9s victimes [&hellip;]<\/p>\n","protected":false},"author":1,"featured_media":0,"parent":0,"menu_order":0,"comment_status":"closed","ping_status":"closed","template":"","meta":{"_acf_changed":false,"footnotes":""},"class_list":["post-108069","page","type-page","status-publish","hentry","page_category-pagine-risorse-umane"],"acf":[],"yoast_head":"<!-- This site is optimized with the Yoast SEO plugin v27.2 - https:\/\/yoast.com\/product\/yoast-seo-wordpress\/ -->\n<title>Travaillez avec nous | INTERSOS<\/title>\n<meta name=\"robots\" content=\"index, follow, max-snippet:-1, max-image-preview:large, max-video-preview:-1\" \/>\n<link rel=\"canonical\" href=\"https:\/\/www.intersos.org\/fr\/travaillez-avec-nous\/\" \/>\n<meta property=\"og:locale\" content=\"fr_FR\" \/>\n<meta property=\"og:type\" content=\"article\" \/>\n<meta property=\"og:title\" content=\"Travaillez avec nous | INTERSOS\" \/>\n<meta property=\"og:description\" content=\"[vc_row][vc_column width=&#8221;1\/1&#8243;][vc_column_text uncode_shortcode_id=&#8221;443561&#8243;] Travaillez avec nous Travailler avec INTERSOS revient \u00e0 s\u2019engager professionnellement et humainement au soutien des communaut\u00e9s victimes [&hellip;]\" \/>\n<meta property=\"og:url\" content=\"https:\/\/www.intersos.org\/fr\/travaillez-avec-nous\/\" \/>\n<meta property=\"og:site_name\" content=\"Intersos\" \/>\n<meta property=\"article:publisher\" content=\"https:\/\/www.facebook.com\/Intersos.org\/\" \/>\n<meta property=\"article:modified_time\" content=\"2025-02-10T09:31:29+00:00\" \/>\n<meta name=\"twitter:card\" content=\"summary_large_image\" \/>\n<meta name=\"twitter:site\" content=\"@intersos\" \/>\n<meta name=\"twitter:label1\" content=\"Dur\u00e9e de lecture estim\u00e9e\" \/>\n\t<meta name=\"twitter:data1\" content=\"4 minutes\" \/>\n<script type=\"application\/ld+json\" class=\"yoast-schema-graph\">{\"@context\":\"https:\/\/schema.org\",\"@graph\":[{\"@type\":\"WebPage\",\"@id\":\"https:\/\/www.intersos.org\/fr\/travaillez-avec-nous\/\",\"url\":\"https:\/\/www.intersos.org\/fr\/travaillez-avec-nous\/\",\"name\":\"Travaillez avec nous | INTERSOS\",\"isPartOf\":{\"@id\":\"https:\/\/intersos.org\/en\/#website\"},\"datePublished\":\"2022-11-22T13:42:43+00:00\",\"dateModified\":\"2025-02-10T09:31:29+00:00\",\"breadcrumb\":{\"@id\":\"https:\/\/www.intersos.org\/fr\/travaillez-avec-nous\/#breadcrumb\"},\"inLanguage\":\"fr-FR\",\"potentialAction\":[{\"@type\":\"ReadAction\",\"target\":[\"https:\/\/www.intersos.org\/fr\/travaillez-avec-nous\/\"]}]},{\"@type\":\"BreadcrumbList\",\"@id\":\"https:\/\/www.intersos.org\/fr\/travaillez-avec-nous\/#breadcrumb\",\"itemListElement\":[{\"@type\":\"ListItem\",\"position\":1,\"name\":\"Home\",\"item\":\"https:\/\/www.intersos.org\/\"},{\"@type\":\"ListItem\",\"position\":2,\"name\":\"Travaillez avec nous\"}]},{\"@type\":\"WebSite\",\"@id\":\"https:\/\/intersos.org\/en\/#website\",\"url\":\"https:\/\/intersos.org\/en\/\",\"name\":\"INTERSOS | Organizzazione umanitaria Onlus\",\"description\":\"INTERSOS\",\"alternateName\":\"INTERSOS\",\"potentialAction\":[{\"@type\":\"SearchAction\",\"target\":{\"@type\":\"EntryPoint\",\"urlTemplate\":\"https:\/\/intersos.org\/en\/?s={search_term_string}\"},\"query-input\":{\"@type\":\"PropertyValueSpecification\",\"valueRequired\":true,\"valueName\":\"search_term_string\"}}],\"inLanguage\":\"fr-FR\"}]}<\/script>\n<!-- \/ Yoast SEO plugin. -->","yoast_head_json":{"title":"Travaillez avec nous | INTERSOS","robots":{"index":"index","follow":"follow","max-snippet":"max-snippet:-1","max-image-preview":"max-image-preview:large","max-video-preview":"max-video-preview:-1"},"canonical":"https:\/\/www.intersos.org\/fr\/travaillez-avec-nous\/","og_locale":"fr_FR","og_type":"article","og_title":"Travaillez avec nous | INTERSOS","og_description":"[vc_row][vc_column width=&#8221;1\/1&#8243;][vc_column_text uncode_shortcode_id=&#8221;443561&#8243;] Travaillez avec nous Travailler avec INTERSOS revient \u00e0 s\u2019engager professionnellement et humainement au soutien des communaut\u00e9s victimes [&hellip;]","og_url":"https:\/\/www.intersos.org\/fr\/travaillez-avec-nous\/","og_site_name":"Intersos","article_publisher":"https:\/\/www.facebook.com\/Intersos.org\/","article_modified_time":"2025-02-10T09:31:29+00:00","twitter_card":"summary_large_image","twitter_site":"@intersos","twitter_misc":{"Dur\u00e9e de lecture estim\u00e9e":"4 minutes"},"schema":{"@context":"https:\/\/schema.org","@graph":[{"@type":"WebPage","@id":"https:\/\/www.intersos.org\/fr\/travaillez-avec-nous\/","url":"https:\/\/www.intersos.org\/fr\/travaillez-avec-nous\/","name":"Travaillez avec nous | INTERSOS","isPartOf":{"@id":"https:\/\/intersos.org\/en\/#website"},"datePublished":"2022-11-22T13:42:43+00:00","dateModified":"2025-02-10T09:31:29+00:00","breadcrumb":{"@id":"https:\/\/www.intersos.org\/fr\/travaillez-avec-nous\/#breadcrumb"},"inLanguage":"fr-FR","potentialAction":[{"@type":"ReadAction","target":["https:\/\/www.intersos.org\/fr\/travaillez-avec-nous\/"]}]},{"@type":"BreadcrumbList","@id":"https:\/\/www.intersos.org\/fr\/travaillez-avec-nous\/#breadcrumb","itemListElement":[{"@type":"ListItem","position":1,"name":"Home","item":"https:\/\/www.intersos.org\/"},{"@type":"ListItem","position":2,"name":"Travaillez avec nous"}]},{"@type":"WebSite","@id":"https:\/\/intersos.org\/en\/#website","url":"https:\/\/intersos.org\/en\/","name":"INTERSOS | Organizzazione umanitaria Onlus","description":"INTERSOS","alternateName":"INTERSOS","potentialAction":[{"@type":"SearchAction","target":{"@type":"EntryPoint","urlTemplate":"https:\/\/intersos.org\/en\/?s={search_term_string}"},"query-input":{"@type":"PropertyValueSpecification","valueRequired":true,"valueName":"search_term_string"}}],"inLanguage":"fr-FR"}]}},"_links":{"self":[{"href":"https:\/\/www.intersos.org\/fr\/wp-json\/wp\/v2\/pages\/108069","targetHints":{"allow":["GET"]}}],"collection":[{"href":"https:\/\/www.intersos.org\/fr\/wp-json\/wp\/v2\/pages"}],"about":[{"href":"https:\/\/www.intersos.org\/fr\/wp-json\/wp\/v2\/types\/page"}],"author":[{"embeddable":true,"href":"https:\/\/www.intersos.org\/fr\/wp-json\/wp\/v2\/users\/1"}],"replies":[{"embeddable":true,"href":"https:\/\/www.intersos.org\/fr\/wp-json\/wp\/v2\/comments?post=108069"}],"version-history":[{"count":6,"href":"https:\/\/www.intersos.org\/fr\/wp-json\/wp\/v2\/pages\/108069\/revisions"}],"predecessor-version":[{"id":110050,"href":"https:\/\/www.intersos.org\/fr\/wp-json\/wp\/v2\/pages\/108069\/revisions\/110050"}],"wp:attachment":[{"href":"https:\/\/www.intersos.org\/fr\/wp-json\/wp\/v2\/media?parent=108069"}],"curies":[{"name":"wp","href":"https:\/\/api.w.org\/{rel}","templated":true}]}}