{"id":108009,"date":"2023-05-05T15:44:26","date_gmt":"2023-05-05T13:44:26","guid":{"rendered":"https:\/\/www.intersos.org\/fournisseurs\/"},"modified":"2024-11-08T16:39:35","modified_gmt":"2024-11-08T15:39:35","slug":"fournisseurs","status":"publish","type":"page","link":"https:\/\/www.intersos.org\/fr\/fournisseurs\/","title":{"rendered":"Fournisseurs"},"content":{"rendered":"<div class=\"wpb-content-wrapper\"><p>[vc_row][vc_column width=&#8221;1\/1&#8243;][vc_empty_space empty_h=&#8221;2&#8243;][\/vc_column][\/vc_row][vc_row row_height_percent=&#8221;40&#8243; override_padding=&#8221;yes&#8221; h_padding=&#8221;2&#8243; top_padding=&#8221;4&#8243; bottom_padding=&#8221;4&#8243; back_image=&#8221;92472&#8243; overlay_alpha=&#8221;50&#8243; gutter_size=&#8221;3&#8243; column_width_percent=&#8221;100&#8243; shift_y=&#8221;0&#8243; z_index=&#8221;0&#8243; uncode_shortcode_id=&#8221;994509&#8243; el_class=&#8221;slideDoaMultipla&#8221;][vc_column column_width_percent=&#8221;100&#8243; position_vertical=&#8221;bottom&#8221; gutter_size=&#8221;3&#8243; overlay_alpha=&#8221;50&#8243; shift_x=&#8221;0&#8243; shift_y=&#8221;0&#8243; shift_y_down=&#8221;0&#8243; z_index=&#8221;0&#8243; medium_width=&#8221;0&#8243; mobile_width=&#8221;0&#8243; width=&#8221;1\/1&#8243; uncode_shortcode_id=&#8221;193839&#8243;][vc_custom_heading text_color=&#8221;color-xsdn&#8221; uncode_shortcode_id=&#8221;863609&#8243; text_color_type=&#8221;uncode-palette&#8221;]Fournisseurs[\/vc_custom_heading][\/vc_column][\/vc_row][vc_row row_height_percent=&#8221;0&#8243; overlay_alpha=&#8221;50&#8243; gutter_size=&#8221;3&#8243; column_width_percent=&#8221;100&#8243; shift_y=&#8221;0&#8243; z_index=&#8221;0&#8243; uncode_shortcode_id=&#8221;133018&#8243; css=&#8221;.vc_custom_1683120087774{margin-top: 30px !important;}&#8221;][vc_column column_width_percent=&#8221;100&#8243; gutter_size=&#8221;3&#8243; overlay_alpha=&#8221;50&#8243; shift_x=&#8221;0&#8243; shift_y=&#8221;0&#8243; shift_y_down=&#8221;0&#8243; z_index=&#8221;0&#8243; medium_width=&#8221;0&#8243; mobile_width=&#8221;0&#8243; width=&#8221;1\/1&#8243; uncode_shortcode_id=&#8221;837365&#8243; css=&#8221;.vc_custom_1683120069661{padding-right: 60px !important;}&#8221;][vc_row_inner][vc_column_inner column_width_percent=&#8221;100&#8243; align_horizontal=&#8221;align_center&#8221; gutter_size=&#8221;3&#8243; overlay_alpha=&#8221;50&#8243; shift_x=&#8221;0&#8243; shift_y=&#8221;0&#8243; shift_y_down=&#8221;0&#8243; z_index=&#8221;0&#8243; medium_width=&#8221;0&#8243; mobile_width=&#8221;0&#8243; width=&#8221;1\/3&#8243; uncode_shortcode_id=&#8221;999172&#8243;][vc_button button_color=&#8221;color-214091&#8243; border_width=&#8221;0&#8243; link=&#8221;url:https%3A%2F%2Fwww.intersos.org%2Ffr%2Ffournisseurs%2Fprequalifications%2F|title:Sostienici&#8221; button_color_type=&#8221;uncode-palette&#8221; uncode_shortcode_id=&#8221;479620&#8243;]Postuler[\/vc_button][\/vc_column_inner][vc_column_inner column_width_percent=&#8221;100&#8243; align_horizontal=&#8221;align_center&#8221; gutter_size=&#8221;3&#8243; overlay_alpha=&#8221;50&#8243; shift_x=&#8221;0&#8243; shift_y=&#8221;0&#8243; shift_y_down=&#8221;0&#8243; z_index=&#8221;0&#8243; medium_width=&#8221;0&#8243; mobile_width=&#8221;0&#8243; width=&#8221;1\/3&#8243; uncode_shortcode_id=&#8221;427054&#8243;][vc_button button_color=&#8221;color-214091&#8243; border_width=&#8221;0&#8243; link=&#8221;url:https%3A%2F%2Fwww.intersos.org%2Ffr%2Ffournisseurs%2Fconcours%2F|title:Sostienici&#8221; button_color_type=&#8221;uncode-palette&#8221; uncode_shortcode_id=&#8221;122649&#8243;]Concours[\/vc_button][\/vc_column_inner][vc_column_inner column_width_percent=&#8221;100&#8243; align_horizontal=&#8221;align_center&#8221; gutter_size=&#8221;3&#8243; overlay_alpha=&#8221;50&#8243; shift_x=&#8221;0&#8243; shift_y=&#8221;0&#8243; shift_y_down=&#8221;0&#8243; z_index=&#8221;0&#8243; medium_width=&#8221;0&#8243; mobile_width=&#8221;0&#8243; width=&#8221;1\/3&#8243; uncode_shortcode_id=&#8221;207546&#8243;][vc_button button_color=&#8221;color-214091&#8243; border_width=&#8221;0&#8243; link=&#8221;url:%2Fwp-content%2Fuploads%2F2023%2F09%2FUN-Supplier-Code-of-Conduct-adopted-by-INTERSOS-EN.pdf|title:Sostienici|&#8221; button_color_type=&#8221;uncode-palette&#8221; uncode_shortcode_id=&#8221;174557&#8243;]Code de conduite[\/vc_button][\/vc_column_inner][\/vc_row_inner][vc_column_text uncode_shortcode_id=&#8221;185880&#8243;]INTERSOS fournit des biens et services \u00e0 l\u2019\u00e9chelle mondiale et en premi\u00e8re ligne dans des situations d\u2019urgence, garantissant une assistance aux victimes de conflits arm\u00e9s, de catastrophes naturelles et d\u2019extr\u00eame exclusion avec une attention particuli\u00e8re \u00e0 la protection des personnes les plus vuln\u00e9rables. Depuis 1992 nos travailleurs humanitaires aident les personnes touch\u00e9es par les crises humanitaires. Nous fournissons les premiers secours, de la nourriture, un abri d\u2019urgence, une assistance m\u00e9dicale et des produits de premi\u00e8res n\u00e9cessit\u00e9s.<br \/>\nINTERSOS int\u00e8gre les principes de <strong>durabilit\u00e9 environnementale<\/strong> dans ses processus d\u2019approvisionnement en adoptant des activit\u00e9s de logistique et de gestion de la cha\u00eene d&#8217;approvisionnement qui encouragent la conservation des ressources naturelles et prot\u00e8gent les \u00e9cosyst\u00e8mes mondiaux pour maximiser l\u2019efficacit\u00e9 des interventions et minimiser les d\u00e9chets et notre empreinte carbone b\u00e9n\u00e9ficiant ainsi aux \u00e9conomies locales lorsque cela est possible.<br \/>\nINTERSOS estime que l\u2019application des principes d\u2019efficacit\u00e9 de transparence et de <em>responsabilit\u00e9<\/em> dans ses processus d\u2019approvisionnement joue un r\u00f4le indispensable dans la bonne <em>gouvernance<\/em> et la gestion financi\u00e8re de notre organisation. Le personnel et les fournisseurs doivent donc adh\u00e9rer aux normes de <em>responsabilit\u00e9<\/em> plus \u00e9lev\u00e9es, qui exigent toujours de maintenir une ligne de conduite honn\u00eate et \u00e9thique et appliquer un principe de tol\u00e9rance z\u00e9ro envers la corruption et les mauvaises pratiques de gestion. Les fournisseurs doivent se conformer aux clauses \u00e9thiques sp\u00e9cifi\u00e9es dans le mod\u00e8le d\u2019organisation de gestion et de contr\u00f4le de INTERSOS et dans le code de conduite des fournisseurs INTERSOS. Nous effectuons des achats \u00e9thiques qui sont conformes aux politiques et proc\u00e9dures internes, aux lois et r\u00e9glementations externes, aux normes humanitaires, tout en garantissant l\u2019efficacit\u00e9, la rentabilit\u00e9 et l\u2019\u00e9galit\u00e9 de traitement et d\u2019opportunit\u00e9 entre les fournisseurs.[\/vc_column_text][\/vc_column][\/vc_row]<\/p>\n<\/div>","protected":false},"excerpt":{"rendered":"<p>[vc_row][vc_column width=&#8221;1\/1&#8243;][vc_empty_space empty_h=&#8221;2&#8243;][\/vc_column][\/vc_row][vc_row row_height_percent=&#8221;40&#8243; override_padding=&#8221;yes&#8221; h_padding=&#8221;2&#8243; top_padding=&#8221;4&#8243; bottom_padding=&#8221;4&#8243; back_image=&#8221;92472&#8243; overlay_alpha=&#8221;50&#8243; gutter_size=&#8221;3&#8243; column_width_percent=&#8221;100&#8243; shift_y=&#8221;0&#8243; z_index=&#8221;0&#8243; uncode_shortcode_id=&#8221;994509&#8243; el_class=&#8221;slideDoaMultipla&#8221;][vc_column column_width_percent=&#8221;100&#8243; position_vertical=&#8221;bottom&#8221; gutter_size=&#8221;3&#8243; overlay_alpha=&#8221;50&#8243; [&hellip;]<\/p>\n","protected":false},"author":1,"featured_media":0,"parent":0,"menu_order":0,"comment_status":"closed","ping_status":"closed","template":"","meta":{"_acf_changed":false,"footnotes":""},"class_list":["post-108009","page","type-page","status-publish","hentry","page_category-pagine-risorse-umane"],"acf":[],"yoast_head":"<!-- This site is optimized with the Yoast SEO plugin v27.2 - https:\/\/yoast.com\/product\/yoast-seo-wordpress\/ -->\n<title>Fournisseurs | INTERSOS<\/title>\n<meta name=\"robots\" content=\"index, follow, max-snippet:-1, max-image-preview:large, max-video-preview:-1\" \/>\n<link rel=\"canonical\" href=\"https:\/\/www.intersos.org\/fr\/fournisseurs\/\" \/>\n<meta property=\"og:locale\" content=\"fr_FR\" \/>\n<meta property=\"og:type\" content=\"article\" \/>\n<meta property=\"og:title\" content=\"Fournisseurs | INTERSOS\" \/>\n<meta property=\"og:description\" content=\"[vc_row][vc_column width=&#8221;1\/1&#8243;][vc_empty_space empty_h=&#8221;2&#8243;][\/vc_column][\/vc_row][vc_row row_height_percent=&#8221;40&#8243; override_padding=&#8221;yes&#8221; h_padding=&#8221;2&#8243; top_padding=&#8221;4&#8243; bottom_padding=&#8221;4&#8243; back_image=&#8221;92472&#8243; overlay_alpha=&#8221;50&#8243; gutter_size=&#8221;3&#8243; column_width_percent=&#8221;100&#8243; shift_y=&#8221;0&#8243; z_index=&#8221;0&#8243; uncode_shortcode_id=&#8221;994509&#8243; el_class=&#8221;slideDoaMultipla&#8221;][vc_column column_width_percent=&#8221;100&#8243; position_vertical=&#8221;bottom&#8221; gutter_size=&#8221;3&#8243; overlay_alpha=&#8221;50&#8243; [&hellip;]\" \/>\n<meta property=\"og:url\" content=\"https:\/\/www.intersos.org\/fr\/fournisseurs\/\" \/>\n<meta property=\"og:site_name\" content=\"Intersos\" \/>\n<meta property=\"article:publisher\" content=\"https:\/\/www.facebook.com\/Intersos.org\/\" \/>\n<meta property=\"article:modified_time\" content=\"2024-11-08T15:39:35+00:00\" \/>\n<meta name=\"twitter:card\" content=\"summary_large_image\" \/>\n<meta name=\"twitter:site\" content=\"@intersos\" \/>\n<meta name=\"twitter:label1\" content=\"Dur\u00e9e de lecture estim\u00e9e\" \/>\n\t<meta name=\"twitter:data1\" content=\"3 minutes\" \/>\n<script type=\"application\/ld+json\" class=\"yoast-schema-graph\">{\"@context\":\"https:\/\/schema.org\",\"@graph\":[{\"@type\":\"WebPage\",\"@id\":\"https:\/\/www.intersos.org\/fr\/fournisseurs\/\",\"url\":\"https:\/\/www.intersos.org\/fr\/fournisseurs\/\",\"name\":\"Fournisseurs | INTERSOS\",\"isPartOf\":{\"@id\":\"https:\/\/intersos.org\/en\/#website\"},\"datePublished\":\"2023-05-05T13:44:26+00:00\",\"dateModified\":\"2024-11-08T15:39:35+00:00\",\"breadcrumb\":{\"@id\":\"https:\/\/www.intersos.org\/fr\/fournisseurs\/#breadcrumb\"},\"inLanguage\":\"fr-FR\",\"potentialAction\":[{\"@type\":\"ReadAction\",\"target\":[\"https:\/\/www.intersos.org\/fr\/fournisseurs\/\"]}]},{\"@type\":\"BreadcrumbList\",\"@id\":\"https:\/\/www.intersos.org\/fr\/fournisseurs\/#breadcrumb\",\"itemListElement\":[{\"@type\":\"ListItem\",\"position\":1,\"name\":\"Home\",\"item\":\"https:\/\/www.intersos.org\/\"},{\"@type\":\"ListItem\",\"position\":2,\"name\":\"Fournisseurs\"}]},{\"@type\":\"WebSite\",\"@id\":\"https:\/\/intersos.org\/en\/#website\",\"url\":\"https:\/\/intersos.org\/en\/\",\"name\":\"INTERSOS | Organizzazione umanitaria Onlus\",\"description\":\"INTERSOS\",\"alternateName\":\"INTERSOS\",\"potentialAction\":[{\"@type\":\"SearchAction\",\"target\":{\"@type\":\"EntryPoint\",\"urlTemplate\":\"https:\/\/intersos.org\/en\/?s={search_term_string}\"},\"query-input\":{\"@type\":\"PropertyValueSpecification\",\"valueRequired\":true,\"valueName\":\"search_term_string\"}}],\"inLanguage\":\"fr-FR\"}]}<\/script>\n<!-- \/ Yoast SEO plugin. -->","yoast_head_json":{"title":"Fournisseurs | INTERSOS","robots":{"index":"index","follow":"follow","max-snippet":"max-snippet:-1","max-image-preview":"max-image-preview:large","max-video-preview":"max-video-preview:-1"},"canonical":"https:\/\/www.intersos.org\/fr\/fournisseurs\/","og_locale":"fr_FR","og_type":"article","og_title":"Fournisseurs | INTERSOS","og_description":"[vc_row][vc_column width=&#8221;1\/1&#8243;][vc_empty_space empty_h=&#8221;2&#8243;][\/vc_column][\/vc_row][vc_row row_height_percent=&#8221;40&#8243; override_padding=&#8221;yes&#8221; h_padding=&#8221;2&#8243; top_padding=&#8221;4&#8243; bottom_padding=&#8221;4&#8243; back_image=&#8221;92472&#8243; overlay_alpha=&#8221;50&#8243; gutter_size=&#8221;3&#8243; column_width_percent=&#8221;100&#8243; shift_y=&#8221;0&#8243; z_index=&#8221;0&#8243; uncode_shortcode_id=&#8221;994509&#8243; el_class=&#8221;slideDoaMultipla&#8221;][vc_column column_width_percent=&#8221;100&#8243; position_vertical=&#8221;bottom&#8221; gutter_size=&#8221;3&#8243; overlay_alpha=&#8221;50&#8243; [&hellip;]","og_url":"https:\/\/www.intersos.org\/fr\/fournisseurs\/","og_site_name":"Intersos","article_publisher":"https:\/\/www.facebook.com\/Intersos.org\/","article_modified_time":"2024-11-08T15:39:35+00:00","twitter_card":"summary_large_image","twitter_site":"@intersos","twitter_misc":{"Dur\u00e9e de lecture estim\u00e9e":"3 minutes"},"schema":{"@context":"https:\/\/schema.org","@graph":[{"@type":"WebPage","@id":"https:\/\/www.intersos.org\/fr\/fournisseurs\/","url":"https:\/\/www.intersos.org\/fr\/fournisseurs\/","name":"Fournisseurs | INTERSOS","isPartOf":{"@id":"https:\/\/intersos.org\/en\/#website"},"datePublished":"2023-05-05T13:44:26+00:00","dateModified":"2024-11-08T15:39:35+00:00","breadcrumb":{"@id":"https:\/\/www.intersos.org\/fr\/fournisseurs\/#breadcrumb"},"inLanguage":"fr-FR","potentialAction":[{"@type":"ReadAction","target":["https:\/\/www.intersos.org\/fr\/fournisseurs\/"]}]},{"@type":"BreadcrumbList","@id":"https:\/\/www.intersos.org\/fr\/fournisseurs\/#breadcrumb","itemListElement":[{"@type":"ListItem","position":1,"name":"Home","item":"https:\/\/www.intersos.org\/"},{"@type":"ListItem","position":2,"name":"Fournisseurs"}]},{"@type":"WebSite","@id":"https:\/\/intersos.org\/en\/#website","url":"https:\/\/intersos.org\/en\/","name":"INTERSOS | Organizzazione umanitaria Onlus","description":"INTERSOS","alternateName":"INTERSOS","potentialAction":[{"@type":"SearchAction","target":{"@type":"EntryPoint","urlTemplate":"https:\/\/intersos.org\/en\/?s={search_term_string}"},"query-input":{"@type":"PropertyValueSpecification","valueRequired":true,"valueName":"search_term_string"}}],"inLanguage":"fr-FR"}]}},"_links":{"self":[{"href":"https:\/\/www.intersos.org\/fr\/wp-json\/wp\/v2\/pages\/108009","targetHints":{"allow":["GET"]}}],"collection":[{"href":"https:\/\/www.intersos.org\/fr\/wp-json\/wp\/v2\/pages"}],"about":[{"href":"https:\/\/www.intersos.org\/fr\/wp-json\/wp\/v2\/types\/page"}],"author":[{"embeddable":true,"href":"https:\/\/www.intersos.org\/fr\/wp-json\/wp\/v2\/users\/1"}],"replies":[{"embeddable":true,"href":"https:\/\/www.intersos.org\/fr\/wp-json\/wp\/v2\/comments?post=108009"}],"version-history":[{"count":5,"href":"https:\/\/www.intersos.org\/fr\/wp-json\/wp\/v2\/pages\/108009\/revisions"}],"predecessor-version":[{"id":108566,"href":"https:\/\/www.intersos.org\/fr\/wp-json\/wp\/v2\/pages\/108009\/revisions\/108566"}],"wp:attachment":[{"href":"https:\/\/www.intersos.org\/fr\/wp-json\/wp\/v2\/media?parent=108009"}],"curies":[{"name":"wp","href":"https:\/\/api.w.org\/{rel}","templated":true}]}}